{"id":36,"date":"2020-10-12T14:17:34","date_gmt":"2020-10-12T14:17:34","guid":{"rendered":"https:\/\/mariobetegiris1.com\/?page_id=36"},"modified":"2023-02-14T14:42:59","modified_gmt":"2023-02-14T11:42:59","slug":"mariobet-lisans-bilgileri","status":"publish","type":"page","link":"https:\/\/mariobetegiris.com\/tr\/mariobet-lisans-bilgileri\/","title":{"rendered":"Mariobet Lisans Bilgileri"},"content":{"rendered":"\n<p>Bahis sitelerinin kullan\u0131c\u0131lar\u0131na verdikleri hizmetin kalitesinin artt\u0131\u011f\u0131n\u0131 g\u00f6rmek son zamanlarda \u00e7ok daha m\u00fcmk\u00fcn hale geldi. Her ne kadar \u00e7o\u011fu bahis sitesinde \u00e7e\u015fitli bahis ve oyun se\u00e7enekleri ile di\u011fer hizmet t\u00fcrleri yer alsa da bu hizmetleri destekleyecek en \u00f6nemli \u015fey yani oyun lisans\u0131 maalesef bulunamayabiliyor. Bu y\u00fczden de lisans sahibi olan bahis siteleri di\u011fer sitelere g\u00f6re birka\u00e7 ad\u0131m daha \u00f6ne \u00e7\u0131kabiliyor; Mariobet bahis sitesi gibi. Mariobet, sahip oldu\u011fu oyun lisans\u0131 ile birlikte kullan\u0131c\u0131lar\u0131na g\u00fcvenilir ve sorunsuz bir \u015fekilde hizmet veren bahis sitelerinden biri olarak kar\u015f\u0131m\u0131za \u00e7\u0131k\u0131yor. Site i\u00e7erisinde yer alan bahis ve oyun se\u00e7eneklerinin say\u0131s\u0131 kadar \u00f6nemli olan lisans, Mariobet\u2019in sahip oldu\u011fu bir belge oldu\u011fu i\u00e7in site i\u00e7erisindeki kullan\u0131c\u0131lar sorunsuz bir \u015fekilde siteden hizmet alabiliyorlar. <strong>Mariobet lisans bilgileri <\/strong>olarak kar\u015f\u0131m\u0131za Cura\u00e7ao eGaming \u015firketi \u00e7\u0131k\u0131yor. Bu \u015firketten ald\u0131\u011f\u0131 1668 \/ JAZ numaral\u0131 oyun lisans\u0131 sayesinde yasal ve g\u00fcvenilir bir \u015fekilde hizmet veren Mariobet, keyifli bir \u015fekilde site i\u00e7erisinde hizmet alabilmenizi sa\u011fl\u0131yor. E\u011fer siteye \u00fcye olup belirledi\u011finiz kullan\u0131c\u0131 ad\u0131 ve \u015fifreniz ile birlikte giri\u015f yaparsan\u0131z oyun lisans\u0131n\u0131n g\u00fcvencesi alt\u0131nda site i\u00e7erisinde vakit ge\u00e7irme \u015fans\u0131n\u0131 yakalayabilirsiniz.<\/p>\n\n\n\n<h2 class=\"wp-block-heading\"><strong>Mariobet Lisansl\u0131 M\u0131?<\/strong><\/h2>\n\n\n\n<p>Bahis sitelerinin say\u0131lar\u0131n\u0131n artt\u0131\u011f\u0131n\u0131 \u00e7o\u011fumuz biliyoruz. Sitelerin say\u0131s\u0131nda ger\u00e7ekle\u015fen bu art\u0131\u015f ile birlikte kullan\u0131c\u0131lar\u0131n yeni bir sorunu meydana geldi diyebiliriz: G\u00fcvenilir site bulmak. Her ne kadar \u00e7o\u011fu bahis sitesi bahis severlere binlerce farkl\u0131 oyun ve bahis se\u00e7ene\u011fi ile hizmet verse de bu sitelerden lisansl\u0131 olanlar\u0131n\u0131 bulmak sizler i\u00e7in son derece \u00f6nemli bir durumdur. Lisans\u0131 olan bahis siteleri kullan\u0131c\u0131lar\u0131na sorunsuz ve ba\u015far\u0131l\u0131 bir \u015fekilde hizmet verdi\u011fi i\u00e7in sizler de daha mutlu bahis severler olarak hayatlar\u0131n\u0131za devam edersiniz. <\/p>\n\n\n\n<p>Peki <strong>Mariobet lisansl\u0131 m\u0131? <\/strong>Mariobet, oyun lisans\u0131na sahip bir bahis sitesidir. Yani \u201cyasal\u201d olarak hizmet veren ve s\u00fcrekli olarak denetlenen bir site olmas\u0131 sebebi ile Mariobet sizler i\u00e7in g\u00fcvenilir bir tercih olarak bahis piyasas\u0131nda yer almaya devam ediyor. Site i\u00e7erisindeki t\u00fcm hizmetlerden site lisansl\u0131 olmasayd\u0131 da yararlanabilirdiniz fakat oyun lisans\u0131 sayesinde hem oyunlar\u0131n\u0131zda veya bahislerinizde herhangi bir sorun ya\u015fam\u0131yorsunuz hem de \u00f6deme i\u015flemleri ve ki\u015fisel bilgiler gibi hayati konularda bir problem ile kar\u015f\u0131 kar\u015f\u0131ya gelmiyorsunuz. Bu y\u00fczden <strong>Mariobet lisans bilgileri<\/strong> ald\u0131\u011f\u0131 hizmetin kalitesine \u00f6nem veren kullan\u0131c\u0131lar i\u00e7in \u00f6nemlidir. Cura\u00e7ao eGaming \u015firketinden al\u0131nan bu lisans sayesinde siteden ald\u0131\u011f\u0131n\u0131z hizmet hi\u00e7bir zaman \u201cvasat\u201d standartlara inmiyor. Her zaman keyif i\u00e7inde site i\u00e7erisinde vakit ge\u00e7irirken lisans\u0131n g\u00fcvencesi ile birlikte oyunlar oynamaya devam edebiliyorsunuz. Oyun lisans\u0131, bahis siteleri i\u00e7in olmazsa olmaz kriterlerden biri olarak kar\u015f\u0131m\u0131zda durmaya devam ediyor.<\/p>\n\n\n\n<h3 class=\"wp-block-heading\"><strong>Mariobet Lisans\u0131 Bilgileri Ne \u0130\u015fe Yarar?<\/strong><\/h3>\n\n\n\n<p>Bahsetti\u011fimiz gibi bahis sitelerinin lisansl\u0131 olmalar\u0131 kullan\u0131c\u0131lar i\u00e7in en \u00e7ok \u00f6nemsenmesi gereken konular\u0131n belki de ba\u015f\u0131nda geliyor. Peki nedir bu lisans? Yani <strong>Mariobet lisans\u0131 ne i\u015fe yarar? <\/strong>Diyelim ki oyun lisans\u0131 olmayan bir bahis sitesi i\u00e7erisinde yer al\u0131yorsunuz. Her site gibi bu site i\u00e7erisinde de sizlerin sevdi\u011fi oyun ve bahis t\u00fcrleri yer al\u0131r ve sizler de bu oyunlar\u0131 oynayabilirsiniz. Fakat bu oyunlar\u0131 oynarken belli tak\u0131lma problemleri ile kar\u015f\u0131la\u015f\u0131rs\u0131n\u0131z. Sonras\u0131nda ise siteye rahatl\u0131kla \u00f6deme yapabilir fakat para \u00e7ekme konular\u0131nda her zaman b\u00fcy\u00fck problemler ile kar\u015f\u0131la\u015f\u0131rs\u0131n\u0131z. Bu y\u00fczden Mariobet bahis sitesinin lisans\u0131n\u0131n \u00f6nemi ger\u00e7ekten b\u00fcy\u00fckt\u00fcr. <strong>Mariobet lisans bilgileri <\/strong>ile tamamen \u015feffaf bir \u015fekilde sizlere hizmet vermektedir. Cura\u00e7ao eGaming \u015firketinden al\u0131nan 1668 \/ JAZ numaral\u0131 lisans sayesinde siteden ald\u0131\u011f\u0131n\u0131z hizmet tamamen kaliteli bir \u015fekilde sizlere sunulmaktad\u0131r. Ayr\u0131ca site i\u00e7erisindeyken her istedi\u011finiz para yat\u0131rma veya para \u00e7ekme i\u015flemlerinizi ger\u00e7ekle\u015ftirebilirsiniz. Siteye \u00fcye olurken verdi\u011finiz ki\u015fisel bilgiler de Mariobet lisansl\u0131 ve yasal bir site oldu\u011fu i\u00e7in asla ikinci bir ki\u015fi veya kurum ile payla\u015f\u0131lmaz. Bu y\u00fczden site i\u00e7erisindeyken sorunsuz ve keyifli bir \u015fekilde hizmet alabilir, siteden her ayr\u0131ld\u0131\u011f\u0131n\u0131zda kendinizi stresli de\u011fil huzurlu hissedersiniz.<\/p>\n\n\n\n<h3 class=\"wp-block-heading\"><strong>Mariobet Lisans Biglileri G\u00fcvenilir Mi?<\/strong><\/h3>\n\n\n\n<p>Gelelim bir bahis sitesi ile ilgili sorulabilecek en \u00f6nemli soruya: <strong>Mariobet g\u00fcvenilir mi? <\/strong>Biraz \u00f6nce de bahsetti\u011fimiz gibi bir bahis sitesinin g\u00fcvenilir olup olmad\u0131\u011f\u0131n\u0131 anlayabilmek i\u00e7in ilk olarak sitenin lisans bilgilerine bakman\u0131z gerekmektedir. Lisans\u0131 olan bir bahis sitesi kullan\u0131c\u0131lar\u0131n\u0131 \u00f6deme ve ki\u015fisel bilgilerin korumas\u0131 konusunda asla ma\u011fdur etmez; Mariobet bahis sitesi gibi. <strong>Mariobet lisans bilgileri<\/strong>, her kullan\u0131c\u0131n\u0131n rahatl\u0131kla ula\u015fabilece\u011fi bir \u015fekilde site i\u00e7erisinde konumland\u0131r\u0131lm\u0131\u015ft\u0131r. Son derece \u015feffaf ve sorunsuz bir \u015fekilde hizmet veren Mariobet, bu y\u00fczden her g\u00fcn binlerce kullan\u0131c\u0131y\u0131 site i\u00e7erisinde a\u011f\u0131rlayabilmektedir. Sizler de siteye \u00fcye olup belirledi\u011finiz kullan\u0131c\u0131 ad\u0131 ve \u015fifreniz ile birlikte giri\u015f yapabilirsiniz. Sonras\u0131nda ise yapacaklar\u0131n\u0131z tamamen size kalm\u0131\u015f; ister bahis ve oyun se\u00e7eneklerinden yararlan\u0131p para kazanmaya \u00e7al\u0131\u015f\u0131n isterseniz de Mariobet TV ile yay\u0131nlanan ma\u00e7lar\u0131 sorunsuz bir \u015fekilde izleyin, se\u00e7im sizin.<\/p>\n\n\n\n<h4 class=\"wp-block-heading\"><strong>Mariobet \u00d6deme Yap\u0131yor Mu?<\/strong><\/h4>\n\n\n\n<p>Bahis sitelerinde yer alan kullan\u0131c\u0131lar\u0131n t\u00fcm\u00fcn\u00fcn ortak bir yan\u0131 varsa o da sitelere para yat\u0131rd\u0131klar\u0131d\u0131r. Sitelerden hizmet almak ve \u015fanslar\u0131n\u0131 denemek isteyen kullan\u0131c\u0131lar bu i\u015flemleri kendi paralar\u0131 ile birlikte yaparlar. Genellikle sitelere kolay bir \u015fekilde para yat\u0131r\u0131l\u0131rken baz\u0131 siteler para \u00e7ekme konular\u0131nda s\u0131k\u0131nt\u0131 ya\u015fatabilirler. Peki <strong>Mariobet \u00f6deme yap\u0131yor mu? <\/strong>Mariobet, lisansl\u0131 bir bahis sitesi oldu\u011fu i\u00e7in finansal i\u015flemler konusunda kullan\u0131c\u0131lar\u0131na asla s\u0131k\u0131nt\u0131 ya\u015fatmaz. Keyifli bir \u015fekilde site i\u00e7erisindeki t\u00fcm oyun ve bahis se\u00e7eneklerinden yararlanabildi\u011finiz gibi ayn\u0131 zamanda her istedi\u011finizde siteye para yat\u0131rabilir veya sitedeki paran\u0131z\u0131 \u00e7ekebilirsiniz. Bu y\u00fczden <strong>Mariobet lisans bilgileri <\/strong>konusunda \u015feffaf sitelerden biri olarak kar\u015f\u0131m\u0131za \u00e7\u0131k\u0131yor. Keyifli bir \u015fekilde hizmet almak istiyorsan\u0131z siteye \u00fcye olman\u0131z yeterli olacakt\u0131r.<\/p>\n\n\n\n<h5 class=\"wp-block-heading\"><strong>Mariobet Lisans \u00d6nemi<\/strong><\/h5>\n\n\n\n<p><strong>Mariobet lisans bilgileri<\/strong>, kullan\u0131c\u0131lar taraf\u0131ndan bir hayli merak edilmektedir. Cura\u00e7ao eGaming \u015firketinden al\u0131nan bu lisans\u0131n numaras\u0131n\u0131n 1668 \/ JAZ oldu\u011fu g\u00f6r\u00fclmektedir. Peki bu lisans\u0131 \u00f6zel k\u0131lan \u015fey nedir? <strong>Mariobet lisans \u00f6nemi <\/strong>a\u00e7\u0131s\u0131ndan site i\u00e7erisindeki t\u00fcm hizmetlerden daha kritik bir noktadad\u0131r diyebiliriz. Site i\u00e7erisinde yer alan hizmetlerin t\u00fcm\u00fcn\u00fcn kalitesini belirleyen bir standart g\u00f6revi g\u00f6ren oyun lisans\u0131 sayesinde site i\u00e7erisinde kaliteli bir \u015fekilde hizmet al\u0131rken ayn\u0131 zamanda da t\u00fcm \u00f6deme i\u015flemlerinizi kolayca ger\u00e7ekle\u015ftirebildi\u011finizi g\u00f6r\u00fcrs\u00fcn\u00fcz. Sizler de Mariobet bahis sitesine \u00fcye olarak oyun lisans\u0131 g\u00fcvencesi alt\u0131nda siteden hizmetlerinizi alabilirsiniz. Keyifli olmak ve sadece e\u011flencenizi ve kazanc\u0131n\u0131z\u0131 d\u00fc\u015f\u00fcnmek istiyorsan\u0131z Mariobet bahis sitesini tercih edebilirsiniz.<\/p>\n\n\n\n<h6 class=\"wp-block-heading\"><strong>Mariobet Lisans\u0131 ile Oyunlar Oynamak<\/strong><\/h6>\n\n\n\n<p><strong>Mariobet lisans bilgileri<\/strong>, \u015feffaf bir \u015fekilde kullan\u0131c\u0131lar\u0131n t\u00fcm\u00fcne sunulmaktad\u0131r demi\u015ftik. Ayr\u0131ca unutmadan s\u00f6ylemek gerekir ki <strong>Mariobet lisans\u0131 ile oyunlar oynamak <\/strong>sizlere \u00e7ok b\u00fcy\u00fck avantajlar getirmektedir. Para \u00e7ekme veya para yat\u0131rma konular\u0131n\u0131 d\u00fc\u015f\u00fcnmeden, oyunlar\u0131n\u0131z asla tak\u0131lmadan keyifli bir \u015fekilde vakit ge\u00e7irebilece\u011finiz Mariobet, e\u011flencenizi durdurmak zorunda olmad\u0131\u011f\u0131n\u0131z bahis sitelerinden biri olarak kar\u015f\u0131m\u0131za \u00e7\u0131k\u0131yor. Mariobet bahis sitesine \u00fcye olarak oyun lisans\u0131n\u0131n g\u00fcvencesinden yararlanabilir ve site i\u00e7erisindeki t\u00fcm hizmetleri sizler de di\u011fer kullan\u0131c\u0131lar gibi kullanabilirsiniz. Tek yapman\u0131z gereken siteye \u00fcye olmak ve ard\u0131ndan kullan\u0131c\u0131 ad\u0131 ve \u015fifreniz ile giri\u015f yapmakt\u0131r.<\/p>\n\n\n\n<p><a href=\"https:\/\/mariobetegiris1.com\/\" rel=\"nofollow noopener\" target=\"_blank\">Mariobet<\/a> | <a href=\"https:\/\/google.com.tr\/\" rel=\"nofollow noopener\" target=\"_blank\">Google<\/a> | <a href=\"https:\/\/papara.com\/\" rel=\"nofollow noopener\" target=\"_blank\">Papara<\/a><\/p>\n","protected":false},"excerpt":{"rendered":"<p>Bahis sitelerinin kullan\u0131c\u0131lar\u0131na verdikleri hizmetin kalitesinin artt\u0131\u011f\u0131n\u0131 g\u00f6rmek son zamanlarda \u00e7ok daha m\u00fcmk\u00fcn hale geldi. Her ne kadar \u00e7o\u011fu bahis sitesinde \u00e7e\u015fitli bahis ve oyun se\u00e7enekleri ile di\u011fer hizmet t\u00fcrleri yer alsa da bu hizmetleri destekleyecek en \u00f6nemli \u015fey yani oyun lisans\u0131 maalesef bulunamayabiliyor. Bu y\u00fczden de lisans sahibi olan bahis siteleri di\u011fer sitelere g\u00f6re &hellip;<\/p>\n","protected":false},"author":1,"featured_media":441,"parent":0,"menu_order":0,"comment_status":"closed","ping_status":"closed","template":"","meta":{"footnotes":""},"class_list":["post-36","page","type-page","status-publish","has-post-thumbnail",""],"_links":{"self":[{"href":"https:\/\/mariobetegiris.com\/tr\/wp-json\/wp\/v2\/pages\/36","targetHints":{"allow":["GET"]}}],"collection":[{"href":"https:\/\/mariobetegiris.com\/tr\/wp-json\/wp\/v2\/pages"}],"about":[{"href":"https:\/\/mariobetegiris.com\/tr\/wp-json\/wp\/v2\/types\/page"}],"author":[{"embeddable":true,"href":"https:\/\/mariobetegiris.com\/tr\/wp-json\/wp\/v2\/users\/1"}],"replies":[{"embeddable":true,"href":"https:\/\/mariobetegiris.com\/tr\/wp-json\/wp\/v2\/comments?post=36"}],"version-history":[{"count":1,"href":"https:\/\/mariobetegiris.com\/tr\/wp-json\/wp\/v2\/pages\/36\/revisions"}],"predecessor-version":[{"id":448,"href":"https:\/\/mariobetegiris.com\/tr\/wp-json\/wp\/v2\/pages\/36\/revisions\/448"}],"wp:featuredmedia":[{"embeddable":true,"href":"https:\/\/mariobetegiris.com\/tr\/wp-json\/wp\/v2\/media\/441"}],"wp:attachment":[{"href":"https:\/\/mariobetegiris.com\/tr\/wp-json\/wp\/v2\/media?parent=36"}],"curies":[{"name":"wp","href":"https:\/\/api.w.org\/{rel}","templated":true}]}}